{"id":1874,"date":"2024-12-12T08:25:45","date_gmt":"2024-12-12T07:25:45","guid":{"rendered":"https:\/\/www.prodelecds.com\/?page_id=1874"},"modified":"2024-12-12T08:34:46","modified_gmt":"2024-12-12T07:34:46","slug":"mascot","status":"publish","type":"page","link":"https:\/\/www.prodelecds.com\/en\/produits\/mascot\/","title":{"rendered":"MASCOT"},"content":{"rendered":"<div class=\"wp-block-stackable-columns alignfull stk-block-columns stk-block stk-b19e7c9 stk-block-background stk--has-background-overlay\" data-block-id=\"b19e7c9\"><style>.stk-b19e7c9 {background-color:#1d2233 !important;background-image:url(https:\/\/www.prodelecds.com\/wp-content\/uploads\/2022\/05\/lines-background-2.svg) !important;padding-top:50px !important;padding-bottom:50px !important;margin-bottom:0px !important;}.stk-b19e7c9:before{background-color:#1d2233 !important;opacity:0.8 !important;}@media screen and (max-width: 1023px){.stk-b19e7c9 {padding-top:80px !important;padding-bottom:80px !important;}}<\/style><div class=\"stk-row stk-inner-blocks stk-block-content stk-content-align stk-b19e7c9-column\"><div class=\"wp-block-stackable-column stk-block-column stk-column stk-block stk-da68494\" data-v=\"4\" data-block-id=\"da68494\"><style>.stk-da68494-container{margin-top:0px !important;margin-right:0px !important;margin-bottom:0px !important;margin-left:0px !important;}<\/style><div class=\"stk-column-wrapper stk-block-column__content stk-container stk-da68494-container stk--no-background stk--no-padding\"><div class=\"stk-block-content stk-inner-blocks stk-da68494-inner-blocks\"><div class=\"wp-block-stackable-columns stk-block-columns stk-block stk-293854b\" id=\"machine-de-mise-en-bande\" data-block-id=\"293854b\"><style>.stk-293854b {margin-bottom:0px !important;}.stk-293854b-column{--stk-column-gap:90px !important;row-gap:90px !important;}<\/style><div class=\"stk-row stk-inner-blocks stk-block-content stk-content-align stk-293854b-column\"><div class=\"wp-block-stackable-column stk-block-column stk-column stk-block stk-c11d750\" data-v=\"4\" data-block-id=\"c11d750\"><style>.stk-c11d750-container{margin-top:0px !important;margin-right:0px !important;margin-bottom:0px !important;margin-left:0px !important;}@media screen and (min-width: 768px) and (max-width: 1023px){.stk-c11d750 {flex:var(--stk-flex-grow, 1) 1 calc(100% - var(--stk-column-gap, 0px) * 0 \/ 1 ) !important;}}<\/style><div class=\"stk-column-wrapper stk-block-column__content stk-container stk-c11d750-container stk--no-background stk--no-padding\"><div class=\"stk-block-content stk-inner-blocks stk-c11d750-inner-blocks\"><div class=\"wp-block-greenshift-blocks-image gspb_image gspb_image-id-gsbp-5aee662\" id=\"gspb_image-id-gsbp-5aee662\"><img decoding=\"async\" src=\"https:\/\/www.prodelecds.com\/wp-content\/uploads\/2024\/12\/MascotRobotas2963-520x475-1.jpg\" data-src=\"\" alt=\"\" loading=\"lazy\" width=\"520\" height=\"475\"\/><\/div><\/div><\/div><\/div>\n\n<div class=\"wp-block-stackable-column stk-block-column stk-column stk-block stk-2264616\" data-v=\"4\" data-block-id=\"2264616\"><style>.stk-2264616-container{margin-top:0px !important;margin-right:0px !important;margin-bottom:0px !important;margin-left:0px !important;}.stk-2264616 {align-self:center !important;}@media screen and (min-width: 768px) and (max-width: 1023px){.stk-2264616 {flex:var(--stk-flex-grow, 1) 1 calc(100% - var(--stk-column-gap, 0px) * 0 \/ 1 ) !important;}}<\/style><div class=\"stk-column-wrapper stk-block-column__content stk-container stk-2264616-container stk--no-background stk--no-padding\"><div class=\"stk-block-content stk-inner-blocks stk-2264616-inner-blocks\"><div class=\"wp-block-stackable-heading stk-block-heading stk-block-heading--v2 stk-block stk-e10f9ca\" id=\"mascot\" data-block-id=\"e10f9ca\"><style>.stk-e10f9ca .stk-block-heading__top-line{background-color:var(u002du002dtheme-palette-color-1, #E21213) !important;}.stk-e10f9ca .stk-block-heading__text{font-size:53px !important;color:var(u002du002dtheme-palette-color-8, #ffffff) !important;line-height:1.3em !important;}@media screen and (max-width: 1023px){.stk-e10f9ca .stk-block-heading__text{font-size:50px !important;}}@media screen and (max-width: 767px){.stk-e10f9ca .stk-block-heading__text{font-size:35px !important;}}<\/style><div class=\"stk-block-heading__top-line\"><\/div><h1 class=\"stk-block-heading__text has-text-color has-palette-color-8-color has-text-align-center-tablet\">MASCOT<\/h1><\/div>\n\n<p class=\"has-palette-color-8-color has-text-color has-link-color wp-elements-ef8792937e0425bfe69ea3bee2c68dc0\">Aide \u00e0 l\u2019insertion manuelle des composants<\/p>\n\n<p class=\"has-palette-color-8-color has-text-color has-link-color wp-elements-b33ae0752b27f1229abbde3ebe53359c\">Automatisez et facilitez votre processus d\u2019assemblage des PCB.<\/p>\n\n<p class=\"has-palette-color-8-color has-text-color has-link-color wp-elements-2d1aa107469544728972fb1643f8b01a\">Am\u00e9liorez la qualit\u00e9 des produits finis.<\/p>\n\n<p class=\"has-palette-color-8-color has-text-color has-link-color wp-elements-34cb40ca6d653e04e0a600f971961fc6\">R\u00e9duisez le taux d\u2019erreurs (jusqu\u2019\u00e0 60%).<\/p>\n\n<p class=\"has-palette-color-8-color has-text-color has-link-color wp-elements-5abd818945d870fd6800a7ee548e0a6b\">Rapidit\u00e9&nbsp;! Fiabilit\u00e9&nbsp;! Productivit\u00e9<\/p>\n\n<div class=\"wp-block-stackable-button-group stk-block-button-group stk-block stk-1c2df10\" id=\"cobot-vision\" data-block-id=\"1c2df10\"><style>.stk-1c2df10 .stk-button-group{flex-direction:row !important;}.stk-1c2df10 {top:10px !important;bottom:0px !important;}@media screen and (max-width: 1023px){.stk-1c2df10 .stk-button-group{flex-direction:row !important;}}@media screen and (max-width: 767px){.stk-1c2df10 .stk-button-group{flex-direction:row !important;}}<\/style><div class=\"stk-row stk-inner-blocks has-text-align-center-tablet stk-block-content stk-button-group\"><div class=\"wp-block-stackable-button stk-block-button popmake-1677 stk-block stk-373f50e\" data-block-id=\"373f50e\"><style>.stk-373f50e {margin-top:25px !important;margin-right:0px !important;margin-bottom:0px !important;margin-left:0px !important;}.stk-373f50e .stk-button{padding-top:18px !important;padding-right:30px !important;padding-bottom:18px !important;padding-left:30px !important;background:var(u002du002dtheme-palette-color-1, #224DB7) !important;}.stk-373f50e .stk-button__inner-text{font-size:16px !important;font-weight:700 !important;text-transform:uppercase !important;}@media screen and (max-width: 1023px){.stk-373f50e .stk-button__inner-text{font-size:16px !important;}}@media screen and (max-width: 767px){.stk-373f50e {top:25px !important;}}<\/style><a class=\"stk-link stk-button stk--hover-effect-darken\" href=\"\"><span class=\"stk-button__inner-text\">DEVIS GRATUIT<\/span><\/a><\/div><\/div><\/div><\/div><\/div><\/div><\/div><\/div><\/div><\/div><\/div><\/div><\/div><div class=\"wp-block-stackable-columns alignfull stk-block-columns stk-block stk-21285e9 stk-block-background stk--has-background-overlay\" data-block-id=\"21285e9\"><style>.stk-21285e9 {background-image:url(http:\/\/www.prodelecds.com\/wp-content\/uploads\/2024\/10\/PREDELECDS.webp) !important;background-attachment:fixed !important;bottom:0px !important;}<\/style><div class=\"stk-row stk-inner-blocks stk-block-content stk-content-align stk-21285e9-column alignfull\"><div class=\"wp-block-stackable-column stk-block-column stk-column stk-block stk-72e93e0\" data-v=\"4\" data-block-id=\"72e93e0\"><div class=\"stk-column-wrapper stk-block-column__content stk-container stk-72e93e0-container stk--no-background stk--no-padding\"><div class=\"stk-block-content stk-inner-blocks stk-72e93e0-inner-blocks\"><\/div><\/div><\/div>\n\n<div class=\"wp-block-stackable-column stk-block-column stk-column stk-block stk-123b1f4\" data-v=\"4\" data-block-id=\"123b1f4\"><div class=\"stk-column-wrapper stk-block-column__content stk-container stk-123b1f4-container stk--no-background stk--no-padding\"><div class=\"stk-block-content stk-inner-blocks stk-123b1f4-inner-blocks\"><div class=\"wp-block-stackable-heading stk-block-heading stk-block-heading--v2 stk-block stk-5bc4882\" id=\"details-des-fonctions\" data-block-id=\"5bc4882\"><style>.stk-5bc4882 .stk-block-heading__top-line{background-color:var(u002du002dtheme-palette-color-1, #E21213) !important;}<\/style><div class=\"stk-block-heading__top-line\"><\/div><h2 class=\"stk-block-heading__text\">D\u00c9TAILS DES FONCTIONS<\/h2><\/div>\n\n<ul class=\"wp-block-list\"><li>Minimiser le temps d\u2019assemblage<\/li>\n\n<li>Am\u00e9liorer la qualit\u00e9 de production<\/li>\n\n<li>Plus de flexibilit\u00e9 pour le changement de s\u00e9rie<\/li>\n\n<li>Cartes denses<\/li>\n\n<li>Petite et moyenne s\u00e9rie<\/li>\n\n<li>Changement de s\u00e9rie<\/li><\/ul>\n\n<div class=\"gspb_button_wrapper gspb_button-id-gsbp-dd5045c\" id=\"gspb_button-id-gsbp-dd5045c\"><a class=\"wp-block-greenshift-blocks-buttonbox gspb-buttonbox wp-element-button\" href=\"https:\/\/stp-electronics.com\/produits\/sigma-assemblage-manuel\/\" target=\"_blank\" rel=\"noopener\"><span class=\"gspb-buttonbox-textwrap\"><span class=\"gspb-buttonbox-text\"><span class=\"gspb-buttonbox-title\">+ DE D\u00c9TAILS<\/span><\/span><\/span><\/a><\/div><\/div><\/div><\/div><\/div><\/div><div class=\"wp-block-stackable-columns alignfull stk-block-columns stk-block stk-c0be13e stk-block-background stk--has-background-overlay\" data-block-id=\"c0be13e\"><style>.stk-c0be13e {background-color:#1d2233 !important;background-image:url(https:\/\/www.prodelecds.com\/wp-content\/uploads\/2022\/05\/lines-background-2.svg) !important;padding-top:50px !important;padding-bottom:80px !important;margin-bottom:0px !important;}.stk-c0be13e:before{background-color:#1d2233 !important;opacity:0.8 !important;}.stk-c0be13e > .stk-separator__top .stk-separator__wrapper{height:36px !important;}@media screen and (max-width: 1023px){.stk-c0be13e {padding-top:80px !important;padding-bottom:80px !important;}}<\/style><div class=\"stk-row stk-inner-blocks stk-block-content stk-content-align stk-c0be13e-column alignfull\"><div class=\"wp-block-stackable-column stk-block-column stk-column stk-block stk-2addae5\" data-v=\"4\" data-block-id=\"2addae5\"><style>.stk-2addae5-container{margin-top:0px !important;margin-right:50px !important;margin-bottom:0px !important;margin-left:0px !important;}<\/style><div class=\"stk-column-wrapper stk-block-column__content stk-container stk-2addae5-container stk--no-background stk--no-padding\"><div class=\"stk-block-content stk-inner-blocks stk-2addae5-inner-blocks\"><div id=\"gspb_text-id-gsbp-acc1c73\" class=\"gspb_text gspb_text-id-gsbp-acc1c73\">MASCOT veille \u00e0 ce que le bon composant soit plac\u00e9 au bon endroit et dans le bon sens \u00e0 chaque fois.<br><br>R\u00e9duisez le temps d&rsquo;assemblage, et jusqu&rsquo;\u00e0 60% votre nombre d&rsquo;erreur commises par op\u00e9rateurs !* <em>*certifi\u00e9 par nos clients<\/em><br><br>Mascot ne n\u00e9cessite pratiquement pas de formation et permet, m\u00eame pour les op\u00e9rateurs non exp\u00e9riment\u00e9s, de pouvoir commencer la construction des PCB imm\u00e9diatement. Les changements de programme peuvent \u00eatre faits simplement et rapidement.<br><br>Les instructions de travail sont assist\u00e9es par informatique et affich\u00e9es \u00e0 l&rsquo;\u00e9cran afin d&rsquo;avertir l&rsquo;op\u00e9rateur de l&rsquo;information sur le composant : images, vid\u00e9os, instructions de montage&#8230;<br><br>En m\u00eame temps, un laser \u00e0 s\u00e9curit\u00e9 oculaire indique pr\u00e9cis\u00e9ment la position exacte du composant et l&rsquo;orientation sur le PCB. La polarit\u00e9 est \u00e9galement indiqu\u00e9e par le laser. Simultan\u00e9ment, le bon composant est pr\u00e9sent\u00e9 \u00e0 l&rsquo;op\u00e9rateur par carrousels motoris\u00e9s.<\/div><\/div><\/div><\/div>\n\n<div class=\"wp-block-stackable-column stk-block-column stk-column stk-block stk-277edfd\" data-v=\"4\" data-block-id=\"277edfd\"><div class=\"stk-column-wrapper stk-block-column__content stk-container stk-277edfd-container stk--no-background stk--no-padding\"><div class=\"stk-block-content stk-inner-blocks stk-277edfd-inner-blocks\"><figure class=\"wp-block-embed is-type-video is-provider-youtube wp-block-embed-youtube wp-embed-aspect-4-3 wp-has-aspect-ratio\" style=\"margin-top:var(--wp--preset--spacing--80);margin-bottom:var(--wp--preset--spacing--80)\"><div class=\"wp-block-embed__wrapper\">\n<iframe loading=\"lazy\" title=\"Robotas Mascot Video Smaller file size\" width=\"1290\" height=\"968\" src=\"https:\/\/www.youtube.com\/embed\/piKMphuUDVA?feature=oembed\" frameborder=\"0\" allow=\"accelerometer; autoplay; clipboard-write; encrypted-media; gyroscope; picture-in-picture; web-share\" referrerpolicy=\"strict-origin-when-cross-origin\" allowfullscreen><\/iframe>\n<\/div><\/figure><\/div><\/div><\/div><\/div><\/div><div class=\"wp-block-stackable-spacer stk-block-spacer stk--no-padding stk-block stk-85d72af\" data-block-id=\"85d72af\"><style>.stk-85d72af {height:0px !important;}@media screen and (max-width: 1023px){.stk-85d72af {height:80px !important;}}<\/style><\/div><div class=\"wp-block-stackable-columns alignfull stk-block-columns stk-block stk-45929f8 stk-block-background\" data-block-id=\"45929f8\"><style>.stk-45929f8 .stk--block-align-45929f8{align-items:center !important;}.stk-45929f8 {background-color:var(--theme-palette-color-1, #224DB7) !important;align-items:center !important;padding-top:50px !important;padding-right:55px !important;padding-bottom:50px !important;padding-left:55px !important;margin-top:0px !important;margin-right:0px !important;margin-bottom:0px !important;margin-left:0px !important;display:flex !important;top:0px !important;right:0px !important;bottom:0px !important;left:0px !important;z-index:2 !important;}.stk-45929f8:before{background-color:var(--theme-palette-color-1, #224DB7) !important;}.stk-45929f8-column{--stk-column-gap:50px !important;row-gap:50px !important;justify-content:center !important;}@media screen and (max-width: 767px){.stk-45929f8 {top:50px !important;bottom:50px !important;}.stk-45929f8-column{--stk-column-gap:50px !important;}}<\/style><div class=\"stk-row stk-inner-blocks stk--block-align-45929f8 stk-block-content stk-content-align stk-45929f8-column stk--flex alignfull\"><div class=\"wp-block-stackable-column stk-block-column stk-column stk-block stk-7a55db8\" data-v=\"4\" data-block-id=\"7a55db8\"><style>.stk-7a55db8-container{margin-top:0px !important;margin-right:0px !important;margin-bottom:0px !important;margin-left:0px !important;}.stk-7a55db8 {align-self:stretch !important;}@media screen and (min-width: 768px){.stk-7a55db8 {flex:var(--stk-flex-grow, 1) 1 calc(66.666% - var(--stk-column-gap, 0px) * 1 \/ 2 ) !important;}}@media screen and (min-width: 768px) and (max-width: 1023px){.stk-7a55db8 {flex:var(--stk-flex-grow, 1) 1 calc(100% - var(--stk-column-gap, 0px) * 0 \/ 1 ) !important;}}<\/style><div class=\"stk-column-wrapper stk-block-column__content stk-container stk-7a55db8-container stk--no-background stk--no-padding\"><div class=\"has-text-align-left stk-block-content stk-inner-blocks stk-7a55db8-inner-blocks\"><div class=\"wp-block-stackable-heading stk-block-heading stk-block-heading--v2 stk-block stk-e3ff0d9\" id=\"pret-a-booster-vos-performances-industrielles\" data-block-id=\"e3ff0d9\"><style>.stk-e3ff0d9 {margin-bottom:10px !important;}.stk-e3ff0d9 .stk-block-heading__text{color:var(--theme-palette-color-8, #ffffff) !important;}@media screen and (max-width: 1023px){.stk-e3ff0d9 {margin-bottom:20px !important;}.stk-e3ff0d9 .stk-block-heading__text{font-size:30px !important;}}<\/style><h3 class=\"stk-block-heading__text has-text-color has-palette-color-8-color has-text-align-center-tablet stk-block-heading--use-theme-margins\">Pr\u00eat \u00e0 booster vos performances industrielles ?<\/h3><\/div>\n\n<div class=\"wp-block-stackable-text stk-block-text stk-block stk-bc5b221\" data-block-id=\"bc5b221\"><style>.stk-bc5b221 {opacity:0.6 !important;}.stk-bc5b221 .stk-block-text__text{color:var(--theme-palette-color-8, #ffffff) !important;}<\/style><p class=\"stk-block-text__text has-text-color has-palette-color-8-color has-text-align-center-tablet\">Faites le choix de l&rsquo;innovation avec PRODELEC DS. Nos solutions sur mesure, alliant technologie de pointe et expertise, sont con\u00e7ues pour r\u00e9pondre aux d\u00e9fis de votre industrie.<\/p><\/div><\/div><\/div><\/div>\n\n<div class=\"wp-block-stackable-column stk-block-column stk-column stk-block stk-5da9125\" data-v=\"4\" data-block-id=\"5da9125\"><style>.stk-5da9125-container{margin-top:0px !important;margin-right:0px !important;margin-bottom:0px !important;margin-left:0px !important;}.stk-5da9125 {align-self:center !important;}.stk-5da9125-inner-blocks{align-items:center !important;}@media screen and (min-width: 768px){.stk-5da9125 {flex:var(--stk-flex-grow, 1) 1 calc(33.334% - var(--stk-column-gap, 0px) * 1 \/ 2 ) !important;}}@media screen and (min-width: 768px) and (max-width: 1023px){.stk-5da9125 {flex:var(--stk-flex-grow, 1) 1 calc(100% - var(--stk-column-gap, 0px) * 0 \/ 1 ) !important;}}@media screen and (max-width: 767px){.stk-5da9125 {top:0px !important;}}<\/style><div class=\"stk-column-wrapper stk-block-column__content stk-container stk-5da9125-container stk--no-background stk--no-padding\"><div class=\"stk--column-flex stk-block-content stk-inner-blocks stk-5da9125-inner-blocks\"><div class=\"wp-block-stackable-button-group stk-block-button-group stk-block stk-0de13d8\" data-block-id=\"0de13d8\"><style>.stk-0de13d8 .stk-button-group{flex-direction:row !important;}.stk-0de13d8 .stk-inner-blocks{column-gap:30px !important;row-gap:20px !important;}@media screen and (max-width: 1023px){.stk-0de13d8 .stk-button-group{flex-direction:row !important;}}@media screen and (max-width: 767px){.stk-0de13d8 .stk-button-group{flex-direction:row !important;}}<\/style><div class=\"stk-row stk-inner-blocks has-text-align-right has-text-align-center-tablet stk-block-content stk-button-group\"><div class=\"wp-block-stackable-button stk-block-button stk-block stk-82f3f35\" data-block-id=\"82f3f35\"><style>.stk-82f3f35 {margin-top:0px !important;margin-right:0px !important;margin-bottom:0px !important;margin-left:0px !important;}.stk-82f3f35 .stk-button{padding-top:20px !important;padding-right:50px !important;padding-bottom:20px !important;padding-left:50px !important;background:var(--theme-palette-color-8, #ffffff) !important;}.stk-82f3f35 .stk-button:hover:after{background:var(--theme-palette-color-4, #0A1821) !important;opacity:1 !important;}.stk-82f3f35 .stk-button__inner-text{font-size:16px !important;color:var(--theme-palette-color-2, #224DB7) !important;font-weight:700 !important;text-transform:uppercase !important;}.stk-82f3f35 .stk-button:hover .stk-button__inner-text{color:var(--theme-palette-color-8, #ffffff) !important;}@media screen and (max-width: 1023px){.stk-82f3f35 .stk-button__inner-text{font-size:16px !important;}}<\/style><a class=\"stk-link stk-button stk--hover-effect-darken\" href=\"https:\/\/www.prodelecds.com\/contact-us\/\"><span class=\"has-text-color has-palette-color-2-color stk-button__inner-text\">    Contact   <\/span><\/a><\/div><\/div><\/div><\/div><\/div><\/div><\/div><\/div>","protected":false},"excerpt":{"rendered":"<p>MASCOT Aide \u00e0 l\u2019insertion manuelle des composants Automatisez et facilitez votre processus d\u2019assemblage des PCB. Am\u00e9liorez la qualit\u00e9 des produits finis. R\u00e9duisez le taux d\u2019erreurs (jusqu\u2019\u00e0 60%). Rapidit\u00e9&nbsp;! Fiabilit\u00e9&nbsp;! Productivit\u00e9 DEVIS GRATUIT D\u00c9TAILS DES FONCTIONS Pr\u00eat \u00e0 booster vos performances industrielles ? Faites le choix de l&rsquo;innovation avec PRODELEC DS. Nos solutions sur mesure, alliant [&hellip;]<\/p>","protected":false},"author":1,"featured_media":0,"parent":798,"menu_order":0,"comment_status":"closed","ping_status":"closed","template":"","meta":{"_gspb_post_css":"#gspb_image-id-gsbp-5aee662 img{vertical-align:top;display:inline-block;box-sizing:border-box;max-width:100%;height:auto}#gspb_button-id-gsbp-dd5045c{display:flex;justify-content:flex-start}#gspb_button-id-gsbp-dd5045c .gspb-buttonbox-text{display:flex;flex-direction:column}#gspb_button-id-gsbp-dd5045c>.gspb-buttonbox{box-sizing:border-box;margin-top:0}.gspb_text-id-gsbp-acc1c73{color:var(--wp--preset--color--palette-color-8, var(--theme-palette-color-8, #ffffff));margin-bottom:0!important}","footnotes":""},"class_list":["post-1874","page","type-page","status-publish","hentry"],"blocksy_meta":{"styles_descriptor":{"styles":{"desktop":"","tablet":"","mobile":""},"google_fonts":[],"version":6},"page_title_panel":"","has_hero_section":"disabled","5f592434563cdc8ea7b43185f69f9288":"","hero_section":"type-1","hero_elements":[{"id":"custom_title","enabled":true,"heading_tag":"h1","title":"Home"},{"id":"custom_description","enabled":true,"description_visibility":{"desktop":true,"tablet":true,"mobile":false}},{"id":"custom_meta","enabled":false,"meta_elements":[{"id":"author","enabled":true,"label":"By","has_author_avatar":"yes","avatar_size":25},{"id":"post_date","enabled":true,"label":"On","date_format_source":"default","date_format":"M j, Y"},{"id":"updated_date","enabled":false,"label":"On","date_format_source":"default","date_format":"M j, Y"},{"id":"categories","enabled":false,"label":"In","style":"simple"},{"id":"comments","enabled":true}],"page_meta_elements":{"joined":true,"articles_count":true,"comments":true}},{"id":"breadcrumbs","enabled":false}],"fa5d312793da1d73fe66270919cbf97d":"","hero_alignment1":"CT_CSS_SKIP_RULE","hero_margin":40,"hero_alignment2":"center","hero_vertical_alignment":"center","038634b0e75e9a28c34706c006b24d9a":"","hero_structure":"narrow","8ba9ae89bd8352bda6c9d0feb683dd4b":"","page_title_bg_type":"featured_image","custom_hero_background":{"attachment_id":null},"page_title_image_size":"full","parallax":{"desktop":false,"tablet":false,"mobile":false},"60820afe27a5c7252269544fa0e8ea69":"","hero_height":"250px","pageTitleFont":{"family":"Default","variation":"Default","size":"30px","line-height":"CT_CSS_SKIP_RULE","letter-spacing":"CT_CSS_SKIP_RULE","text-transform":"CT_CSS_SKIP_RULE","text-decoration":"CT_CSS_SKIP_RULE"},"pageTitleFontColor":{"default":{"color":"CT_CSS_SKIP_RULEDEFAULT"}},"pageMetaFont":{"family":"Default","variation":"n6","size":"12px","line-height":"1.3","letter-spacing":"CT_CSS_SKIP_RULE","text-transform":"uppercase","text-decoration":"CT_CSS_SKIP_RULE"},"pageMetaFontColor":{"default":{"color":"CT_CSS_SKIP_RULEDEFAULT"},"hover":{"color":"CT_CSS_SKIP_RULEDEFAULT"}},"page_meta_button_type_font_colors":{"default":{"color":"CT_CSS_SKIP_RULEDEFAULT"},"hover":{"color":"CT_CSS_SKIP_RULEDEFAULT"}},"page_meta_button_type_background_colors":{"default":{"color":"CT_CSS_SKIP_RULEDEFAULT"},"hover":{"color":"CT_CSS_SKIP_RULEDEFAULT"}},"pageExcerptFont":{"family":"Default","variation":"Default","size":"CT_CSS_SKIP_RULE","line-height":"CT_CSS_SKIP_RULE","letter-spacing":"CT_CSS_SKIP_RULE","text-transform":"CT_CSS_SKIP_RULE","text-decoration":"CT_CSS_SKIP_RULE"},"pageExcerptColor":{"default":{"color":"CT_CSS_SKIP_RULEDEFAULT"}},"breadcrumbsFont":{"family":"Default","variation":"Default","size":"CT_CSS_SKIP_RULE","line-height":"CT_CSS_SKIP_RULE","letter-spacing":"CT_CSS_SKIP_RULE","text-transform":"CT_CSS_SKIP_RULE","text-decoration":"CT_CSS_SKIP_RULE"},"breadcrumbsFontColor":{"default":{"color":"CT_CSS_SKIP_RULEDEFAULT"},"initial":{"color":"CT_CSS_SKIP_RULEDEFAULT"},"hover":{"color":"CT_CSS_SKIP_RULEDEFAULT"}},"pageTitleOverlay":{"background_type":"color","background_pattern":"type-1","background_image":{"attachment_id":null,"x":0,"y":0},"gradient":"linear-gradient(135deg,rgba(6,147,227,1) 0%,rgb(155,81,224) 100%)","background_repeat":"repeat","background_size":"auto","background_attachment":"scroll","patternColor":{"default":{"color":"#e5e7ea"}},"overlayColor":{"default":{"color":"CT_CSS_SKIP_RULE"}},"backgroundColor":{"default":{"color":"CT_CSS_SKIP_RULE"}}},"pageTitleBackground":{"background_type":"color","background_pattern":"type-1","background_image":{"attachment_id":null,"x":0,"y":0},"gradient":"linear-gradient(135deg,rgba(6,147,227,1) 0%,rgb(155,81,224) 100%)","background_repeat":"repeat","background_size":"auto","background_attachment":"scroll","patternColor":{"default":{"color":"#e5e7ea"}},"overlayColor":{"default":{"color":"CT_CSS_SKIP_RULE"}},"backgroundColor":{"default":{"color":"var(--theme-palette-color-6)"}}},"pageTitlePadding":{"top":"50px","bottom":"50px","left":"auto","right":"auto","linked":true},"9e8878e4ae5c39542277458b92397c06":"","page_structure_type":"default","281d50e8b20ca6bea36f4a5475de4ffb":"","content_style_source":"inherit","content_style":"wide","vertical_spacing_source":"custom","content_area_spacing":"none","background":{"background_type":"color","background_pattern":"type-1","background_image":{"attachment_id":null,"x":0,"y":0},"gradient":"linear-gradient(135deg,rgba(6,147,227,1) 0%,rgb(155,81,224) 100%)","background_repeat":"repeat","background_size":"auto","background_attachment":"scroll","patternColor":{"default":{"color":"#e5e7ea"}},"overlayColor":{"default":{"color":"CT_CSS_SKIP_RULE"}},"backgroundColor":{"default":{"color":"CT_CSS_SKIP_RULE"}}},"content_background":{"background_type":"color","background_pattern":"type-1","background_image":{"attachment_id":null,"x":0,"y":0},"gradient":"linear-gradient(135deg,rgba(6,147,227,1) 0%,rgb(155,81,224) 100%)","background_repeat":"repeat","background_size":"auto","background_attachment":"scroll","patternColor":{"default":{"color":"#e5e7ea"}},"overlayColor":{"default":{"color":"CT_CSS_SKIP_RULE"}},"backgroundColor":{"default":{"color":"var(--theme-palette-color-8)"}}},"content_boxed_shadow":{"inherit":false,"blur":18,"spread":-6,"v_offset":12,"h_offset":0,"inset":false,"enable":true,"color":{"color":"rgba(34, 56, 101, 0.04)"}},"content_boxed_border":{"width":1,"style":"none","color":{"color":"rgba(44,62,80,0.2)"}},"content_boxed_radius":{"top":"3px","bottom":"3px","left":"3px","right":"3px","linked":true},"boxed_content_spacing":{"desktop":{"top":"40px","bottom":"40px","left":"40px","right":"40px","linked":true},"tablet":{"top":"35px","bottom":"35px","left":"35px","right":"35px","linked":true},"mobile":{"top":"20px","bottom":"20px","left":"20px","right":"20px","linked":true}},"c306ba4c61dca4489778938465385d13":"","disable_featured_image":"no","disable_share_box":"no","disable_header":"no","disable_footer":"no"},"_links":{"self":[{"href":"https:\/\/www.prodelecds.com\/en\/wp-json\/wp\/v2\/pages\/1874","targetHints":{"allow":["GET"]}}],"collection":[{"href":"https:\/\/www.prodelecds.com\/en\/wp-json\/wp\/v2\/pages"}],"about":[{"href":"https:\/\/www.prodelecds.com\/en\/wp-json\/wp\/v2\/types\/page"}],"author":[{"embeddable":true,"href":"https:\/\/www.prodelecds.com\/en\/wp-json\/wp\/v2\/users\/1"}],"replies":[{"embeddable":true,"href":"https:\/\/www.prodelecds.com\/en\/wp-json\/wp\/v2\/comments?post=1874"}],"version-history":[{"count":6,"href":"https:\/\/www.prodelecds.com\/en\/wp-json\/wp\/v2\/pages\/1874\/revisions"}],"predecessor-version":[{"id":1881,"href":"https:\/\/www.prodelecds.com\/en\/wp-json\/wp\/v2\/pages\/1874\/revisions\/1881"}],"up":[{"embeddable":true,"href":"https:\/\/www.prodelecds.com\/en\/wp-json\/wp\/v2\/pages\/798"}],"wp:attachment":[{"href":"https:\/\/www.prodelecds.com\/en\/wp-json\/wp\/v2\/media?parent=1874"}],"curies":[{"name":"wp","href":"https:\/\/api.w.org\/{rel}","templated":true}]}}