{"id":911,"date":"2024-10-04T18:08:28","date_gmt":"2024-10-04T16:08:28","guid":{"rendered":"https:\/\/www.prodelecds.com\/?post_type=product&#038;p=911"},"modified":"2024-10-04T18:12:18","modified_gmt":"2024-10-04T16:12:18","slug":"cobot-vision","status":"publish","type":"product","link":"https:\/\/www.prodelecds.com\/en\/product\/cobot-vision\/","title":{"rendered":"COBOT VISION"},"content":{"rendered":"<p>L\u2019objectif de cette solution est d\u2019assister le contr\u00f4le visuel par un syst\u00e8me expert en collaboration avec les op\u00e9rateurs.<\/p>\n<p>Il s\u2019agit de concentrer le sujet sur les contr\u00f4les en fin de ligne atypiques ; par exemple sur les \u00e9tiquettes, les modifications filaires, la visserie, le collage, l\u2019absence de rayures, les corps \u00e9trangers, les vernis\u2026<\/p>\n<p>La cellule sera interop\u00e9rable avec son \u00e9cosyst\u00e8me et permettra la collecte et le partage d\u2019informations utilisables pour du diagnostic et permettra de r\u00e9aliser du traitement de causes sur les postes en amont.<\/p>\n<p>Le dispositif comprend une cellule permettant un chargement universel ou personnalisable qui pourra \u00eatre \u00e9tudi\u00e9 suivant les besoin et cahiers des charges sp\u00e9cifiques.<\/p>\n<p>Cette innovation s\u2019inscrit dans l\u2019industrie du futur afin de r\u00e9pondre \u00e0 de nombreuses demandes dans le secteur de l\u2019inspection automatique !<\/p>","protected":false},"excerpt":{"rendered":"<p>L\u2019objectif de cette solution est d\u2019assister le contr\u00f4le visuel par un syst\u00e8me expert en collaboration avec les op\u00e9rateurs. Il s\u2019agit de concentrer le sujet sur les contr\u00f4les en fin de ligne atypiques ; par exemple sur les \u00e9tiquettes, les modifications filaires, la visserie, le collage, l\u2019absence de rayures, les corps \u00e9trangers, les vernis\u2026 La cellule [&hellip;]<\/p>","protected":false},"featured_media":0,"comment_status":"open","ping_status":"closed","template":"","meta":{"_gspb_post_css":""},"product_cat":[22],"product_tag":[],"class_list":{"0":"post-911","1":"product","2":"type-product","3":"status-publish","5":"product_cat-non-classe","7":"first","8":"instock","9":"shipping-taxable","10":"product-type-simple"},"_links":{"self":[{"href":"https:\/\/www.prodelecds.com\/en\/wp-json\/wp\/v2\/product\/911","targetHints":{"allow":["GET"]}}],"collection":[{"href":"https:\/\/www.prodelecds.com\/en\/wp-json\/wp\/v2\/product"}],"about":[{"href":"https:\/\/www.prodelecds.com\/en\/wp-json\/wp\/v2\/types\/product"}],"replies":[{"embeddable":true,"href":"https:\/\/www.prodelecds.com\/en\/wp-json\/wp\/v2\/comments?post=911"}],"wp:attachment":[{"href":"https:\/\/www.prodelecds.com\/en\/wp-json\/wp\/v2\/media?parent=911"}],"wp:term":[{"taxonomy":"product_cat","embeddable":true,"href":"https:\/\/www.prodelecds.com\/en\/wp-json\/wp\/v2\/product_cat?post=911"},{"taxonomy":"product_tag","embeddable":true,"href":"https:\/\/www.prodelecds.com\/en\/wp-json\/wp\/v2\/product_tag?post=911"}],"curies":[{"name":"wp","href":"https:\/\/api.w.org\/{rel}","templated":true}]}}